{"id":92,"date":"2023-07-21T02:51:47","date_gmt":"2023-07-21T01:51:47","guid":{"rendered":"https:\/\/genlamoureux.ca\/?page_id=92"},"modified":"2025-04-16T11:34:49","modified_gmt":"2025-04-16T10:34:49","slug":"media","status":"publish","type":"page","link":"https:\/\/genlamoureux.ca\/?page_id=92","title":{"rendered":"Pr\u00e9sence m\u00e9diatique"},"content":{"rendered":"\n<p>Si vous souhaitez discuter avec moi, n&#8217;h\u00e9sitez pas \u00e0 <a href=\"mailto: info@genlamoureux.ca\">me contacter<\/a>.<\/p>\n\n\n\n<h4 class=\"wp-block-heading\">Documentaire<\/h4>\n\n\n\n<p><a href=\"https:\/\/savoir.media\/player\/64262\/stream?assetType=stream&amp;playlist_id=7&amp;shw_ep=1\" target=\"_blank\" rel=\"noreferrer noopener\">Le b\u00e9gaiement<\/a>, Passer le message, Pamplemousse m\u00e9dia, mai 2023<\/p>\n\n\n\n<h4 class=\"wp-block-heading\">Radio<\/h4>\n\n\n\n<p><a href=\"https:\/\/ici.radio-canada.ca\/ohdio\/premiere\/emissions\/penelope\/segments\/entrevue\/419939\/sante-trouble-elocution-sensibilisation\" target=\"_blank\" rel=\"noreferrer noopener\">Vivre avec un b\u00e9gaiement&nbsp;: entre d\u00e9fis et r\u00e9silience<\/a>, P\u00e9n\u00e9lope, Radio-Canada, 25 octobre 2022<\/p>\n\n\n\n<h4 class=\"wp-block-heading\">T\u00e9l\u00e9vision<\/h4>\n\n\n\n<p>Lamoureux, G. (interview\u00e9e). (2025). <em>Fragments : La honte<\/em> [\u00c9mission t\u00e9l\u00e9vis\u00e9e]. ARTE. <a class=\"\" href=\"https:\/\/www.arte.tv\/digitalproductions\/fr\/fragments\/\">https:\/\/www.arte.tv\/digitalproductions\/fr\/fragments\/<\/a> et <a href=\"https:\/\/www.arte.tv\/fr\/shorts\/119042-003-A?utm_source=ios&amp;utm_medium=share&amp;utm_campaign=119042-003-A\">https:\/\/www.arte.tv\/fr\/shorts\/119042-003-A?utm_source=ios&amp;utm_medium=share&amp;utm_campaign=119042-003-A<\/a><\/p>\n\n\n\n<p>Lamoureux, G. (2021, 2 novembre). <a href=\"https:\/\/www.breakfasttelevision.ca\/videos\/when-was-the-last-time-that-you-trusted-your-gut-2\/\" target=\"_blank\" rel=\"noreferrer noopener\">When was the last time that you trusted your gut?<\/a> [entrevue]. Dans&nbsp;<em>Breakfast Television<\/em>. CityTV (Rogers Media).<\/p>\n\n\n\n<h4 class=\"wp-block-heading\">Vid\u00e9o<\/h4>\n\n\n\n<p><a href=\"https:\/\/www.youtube.com\/watch?v=arWagw5eQfw&amp;list=PLmrRP9ovBu3dhSuQftWszdr6MidtpYtrb\" target=\"_blank\" rel=\"noreferrer noopener\">Le capacitisme, qu&#8217;est-ce que c&#8217;est?<\/a>, JayMan et Soci\u00e9t\u00e9 inclusive, juin 2023<\/p>\n\n\n\n<h4 class=\"wp-block-heading\">Article<\/h4>\n\n\n\n<p><a href=\"https:\/\/www.huffpost.com\/archive\/qc\/entry\/honte-assumer-begaiement_qc_5f918e3dc5b695a32fb1256d\" target=\"_blank\" rel=\"noreferrer noopener\">Apr\u00e8s en avoir eu honte pendant des ann\u00e9es, j\u2019ai choisi d\u2019assumer mon b\u00e9gaiement<\/a>, Huffington Post, octobre 2020<\/p>\n\n\n\n<h4 class=\"wp-block-heading\">Publicit\u00e9<\/h4>\n\n\n\n<p>T&#8217;en as dans l&#8217;ventre \/ You&#8217;ve Got Guts (Activia\/Danone), automne 2021<br><a href=\"https:\/\/www.grenier.qc.ca\/actualites\/24555\/activia-et-lg2-celebrent-le-courage-des-femmes\" target=\"_blank\" rel=\"noreferrer noopener\">Le Grenier aux nouvelles<\/a><br><a href=\"https:\/\/the-message.ca\/2021\/10\/07\/activia-moves-beyond-gut-health-to-celebrate-women-with-guts\/\" target=\"_blank\" rel=\"noreferrer noopener\">The Message<\/a><br><a href=\"https:\/\/abcbegaiement.com\/activia\/\" target=\"_blank\" rel=\"noreferrer noopener\">Association b\u00e9gaiement communication<\/a><\/p>\n\n\n\n<h4 class=\"wp-block-heading\">Balados<\/h4>\n\n\n\n<p><a href=\"https:\/\/abcbegaiement.com\/podcast\/\" target=\"_blank\" rel=\"noreferrer noopener\">Je je je suis un podcast<\/a>, co-productrice et co-animatrice, Association b\u00e9gaiement communication, depuis octobre 2020<\/p>\n\n\n\n<p><a href=\"https:\/\/ici.radio-canada.ca\/ohdio\/balados\/11673\/ca-prendra-ltemps-que-ca-prend-quete-dun-begue#:~:text=Avec%20l'orthophoniste%20Genevi%C3%A8ve%20Lamoureux,belle%20relation%20avec%20son%20b%C3%A9gaiement.\">\u00c7a prendra le temps que \u00e7a prend : qu\u00eate d&#8217;un b\u00e8gue<\/a> (\u00e9pisodes 2, 3, 6 et 7) produit par Michel Montreuil et Radio-Canada OhDio, mai 2024<\/p>\n\n\n\n<p><a href=\"https:\/\/www.stutteringhelp.org\/podcast\/covert-stuttering-and-healing-self-stigma\" target=\"_blank\" rel=\"noreferrer noopener\">Covert Stuttering and Healing from Self-Stigma<\/a>, Stuttering Foundation Podcast, mai 2023<\/p>\n\n\n\n<p><a href=\"https:\/\/www.stutteringsociety.com\/fr\/perspectives-sur-le-begaiement-avec-genevieve-personne-qui-begaie-et-doctorante-en-orthophonie\/\" target=\"_blank\" rel=\"noreferrer noopener\">Perspectives sur le b\u00e9gaiement avec Genevi\u00e8ve Lamoureux, personne qui b\u00e9gaie et doctorante en orthophonie<\/a>, Stuttering Society, avril 2023<\/p>\n\n\n\n<p><a href=\"https:\/\/podcasters.spotify.com\/pod\/show\/somestutterluh\/episodes\/Interview-avec--Interview-with-Genevive-Lamoureux-e1qi3g9\/a-a8rcscb\" target=\"_blank\" rel=\"noreferrer noopener\">Interview avec Genevi\u00e8ve Lamoureux<\/a>, Some Stutter, Luh!, octobre 2022<\/p>\n\n\n\n<p><a href=\"https:\/\/open.spotify.com\/episode\/2qPhJiffwLetx0MdHvkIKk\" target=\"_blank\" rel=\"noreferrer noopener\">Stuttering Guts<\/a>, Transcending Stuttering Podcast, mars 2022<\/p>\n\n\n\n<p><a href=\"https:\/\/www.youtube.com\/watch?v=JLU-DIHCydI\" target=\"_blank\" rel=\"noreferrer noopener\">Le b\u00e9gaiement avec Genevi\u00e8ve Lamoureux<\/a>, Parlons \u00c9thique, avril 2021<\/p>\n","protected":false},"excerpt":{"rendered":"<p>Si vous souhaitez discuter avec moi, n&#8217;h\u00e9sitez pas \u00e0 me contacter. Documentaire Le b\u00e9gaiement, Passer le message, Pamplemousse m\u00e9dia, mai 2023 Radio Vivre avec un b\u00e9gaiement&nbsp;: entre d\u00e9fis et r\u00e9silience, P\u00e9n\u00e9lope, Radio-Canada, 25 octobre 2022 T\u00e9l\u00e9vision Lamoureux, G. (interview\u00e9e). (2025). Fragments : La honte [\u00c9mission t\u00e9l\u00e9vis\u00e9e]. ARTE. https:\/\/www.arte.tv\/digitalproductions\/fr\/fragments\/ et https:\/\/www.arte.tv\/fr\/shorts\/119042-003-A?utm_source=ios&amp;utm_medium=share&amp;utm_campaign=119042-003-A Lamoureux, G. (2021, 2 novembre). [&hellip;]<\/p>\n","protected":false},"author":2,"featured_media":0,"parent":0,"menu_order":0,"comment_status":"closed","ping_status":"closed","template":"","meta":{"footnotes":""},"class_list":["post-92","page","type-page","status-publish","hentry"],"yoast_head":"<!-- This site is optimized with the Yoast SEO plugin v27.5 - https:\/\/yoast.com\/product\/yoast-seo-wordpress\/ -->\n<title>Pr\u00e9sence m\u00e9diatique - genlamoureux.ca<\/title>\n<meta name=\"robots\" content=\"index, follow, max-snippet:-1, max-image-preview:large, max-video-preview:-1\" \/>\n<link rel=\"canonical\" href=\"https:\/\/genlamoureux.ca\/?page_id=92\" \/>\n<meta property=\"og:locale\" content=\"en_US\" \/>\n<meta property=\"og:type\" content=\"article\" \/>\n<meta property=\"og:title\" content=\"Pr\u00e9sence m\u00e9diatique - genlamoureux.ca\" \/>\n<meta property=\"og:description\" content=\"Si vous souhaitez discuter avec moi, n&#8217;h\u00e9sitez pas \u00e0 me contacter. Documentaire Le b\u00e9gaiement, Passer le message, Pamplemousse m\u00e9dia, mai 2023 Radio Vivre avec un b\u00e9gaiement&nbsp;: entre d\u00e9fis et r\u00e9silience, P\u00e9n\u00e9lope, Radio-Canada, 25 octobre 2022 T\u00e9l\u00e9vision Lamoureux, G. (interview\u00e9e). (2025). Fragments : La honte [\u00c9mission t\u00e9l\u00e9vis\u00e9e]. ARTE. https:\/\/www.arte.tv\/digitalproductions\/fr\/fragments\/ et https:\/\/www.arte.tv\/fr\/shorts\/119042-003-A?utm_source=ios&amp;utm_medium=share&amp;utm_campaign=119042-003-A Lamoureux, G. (2021, 2 novembre). [&hellip;]\" \/>\n<meta property=\"og:url\" content=\"https:\/\/genlamoureux.ca\/?page_id=92\" \/>\n<meta property=\"og:site_name\" content=\"genlamoureux.ca\" \/>\n<meta property=\"article:modified_time\" content=\"2025-04-16T10:34:49+00:00\" \/>\n<meta name=\"twitter:card\" content=\"summary_large_image\" \/>\n<meta name=\"twitter:label1\" content=\"Est. reading time\" \/>\n\t<meta name=\"twitter:data1\" content=\"1 minute\" \/>\n<script type=\"application\/ld+json\" class=\"yoast-schema-graph\">{\"@context\":\"https:\\\/\\\/schema.org\",\"@graph\":[{\"@type\":\"WebPage\",\"@id\":\"https:\\\/\\\/genlamoureux.ca\\\/?page_id=92\",\"url\":\"https:\\\/\\\/genlamoureux.ca\\\/?page_id=92\",\"name\":\"Pr\u00e9sence m\u00e9diatique - genlamoureux.ca\",\"isPartOf\":{\"@id\":\"https:\\\/\\\/genlamoureux.ca\\\/#website\"},\"datePublished\":\"2023-07-21T01:51:47+00:00\",\"dateModified\":\"2025-04-16T10:34:49+00:00\",\"breadcrumb\":{\"@id\":\"https:\\\/\\\/genlamoureux.ca\\\/?page_id=92#breadcrumb\"},\"inLanguage\":\"en-US\",\"potentialAction\":[{\"@type\":\"ReadAction\",\"target\":[\"https:\\\/\\\/genlamoureux.ca\\\/?page_id=92\"]}]},{\"@type\":\"BreadcrumbList\",\"@id\":\"https:\\\/\\\/genlamoureux.ca\\\/?page_id=92#breadcrumb\",\"itemListElement\":[{\"@type\":\"ListItem\",\"position\":1,\"name\":\"Home\",\"item\":\"https:\\\/\\\/genlamoureux.ca\\\/\"},{\"@type\":\"ListItem\",\"position\":2,\"name\":\"Pr\u00e9sence m\u00e9diatique\"}]},{\"@type\":\"WebSite\",\"@id\":\"https:\\\/\\\/genlamoureux.ca\\\/#website\",\"url\":\"https:\\\/\\\/genlamoureux.ca\\\/\",\"name\":\"genlamoureux.ca\",\"description\":\"\",\"publisher\":{\"@id\":\"https:\\\/\\\/genlamoureux.ca\\\/#organization\"},\"potentialAction\":[{\"@type\":\"SearchAction\",\"target\":{\"@type\":\"EntryPoint\",\"urlTemplate\":\"https:\\\/\\\/genlamoureux.ca\\\/?s={search_term_string}\"},\"query-input\":{\"@type\":\"PropertyValueSpecification\",\"valueRequired\":true,\"valueName\":\"search_term_string\"}}],\"inLanguage\":\"en-US\"},{\"@type\":\"Organization\",\"@id\":\"https:\\\/\\\/genlamoureux.ca\\\/#organization\",\"name\":\"genlamoureux.ca\",\"url\":\"https:\\\/\\\/genlamoureux.ca\\\/\",\"logo\":{\"@type\":\"ImageObject\",\"inLanguage\":\"en-US\",\"@id\":\"https:\\\/\\\/genlamoureux.ca\\\/#\\\/schema\\\/logo\\\/image\\\/\",\"url\":\"\",\"contentUrl\":\"\",\"caption\":\"genlamoureux.ca\"},\"image\":{\"@id\":\"https:\\\/\\\/genlamoureux.ca\\\/#\\\/schema\\\/logo\\\/image\\\/\"}}]}<\/script>\n<!-- \/ Yoast SEO plugin. -->","yoast_head_json":{"title":"Pr\u00e9sence m\u00e9diatique - genlamoureux.ca","robots":{"index":"index","follow":"follow","max-snippet":"max-snippet:-1","max-image-preview":"max-image-preview:large","max-video-preview":"max-video-preview:-1"},"canonical":"https:\/\/genlamoureux.ca\/?page_id=92","og_locale":"en_US","og_type":"article","og_title":"Pr\u00e9sence m\u00e9diatique - genlamoureux.ca","og_description":"Si vous souhaitez discuter avec moi, n&#8217;h\u00e9sitez pas \u00e0 me contacter. Documentaire Le b\u00e9gaiement, Passer le message, Pamplemousse m\u00e9dia, mai 2023 Radio Vivre avec un b\u00e9gaiement&nbsp;: entre d\u00e9fis et r\u00e9silience, P\u00e9n\u00e9lope, Radio-Canada, 25 octobre 2022 T\u00e9l\u00e9vision Lamoureux, G. (interview\u00e9e). (2025). Fragments : La honte [\u00c9mission t\u00e9l\u00e9vis\u00e9e]. ARTE. https:\/\/www.arte.tv\/digitalproductions\/fr\/fragments\/ et https:\/\/www.arte.tv\/fr\/shorts\/119042-003-A?utm_source=ios&amp;utm_medium=share&amp;utm_campaign=119042-003-A Lamoureux, G. (2021, 2 novembre). [&hellip;]","og_url":"https:\/\/genlamoureux.ca\/?page_id=92","og_site_name":"genlamoureux.ca","article_modified_time":"2025-04-16T10:34:49+00:00","twitter_card":"summary_large_image","twitter_misc":{"Est. reading time":"1 minute"},"schema":{"@context":"https:\/\/schema.org","@graph":[{"@type":"WebPage","@id":"https:\/\/genlamoureux.ca\/?page_id=92","url":"https:\/\/genlamoureux.ca\/?page_id=92","name":"Pr\u00e9sence m\u00e9diatique - genlamoureux.ca","isPartOf":{"@id":"https:\/\/genlamoureux.ca\/#website"},"datePublished":"2023-07-21T01:51:47+00:00","dateModified":"2025-04-16T10:34:49+00:00","breadcrumb":{"@id":"https:\/\/genlamoureux.ca\/?page_id=92#breadcrumb"},"inLanguage":"en-US","potentialAction":[{"@type":"ReadAction","target":["https:\/\/genlamoureux.ca\/?page_id=92"]}]},{"@type":"BreadcrumbList","@id":"https:\/\/genlamoureux.ca\/?page_id=92#breadcrumb","itemListElement":[{"@type":"ListItem","position":1,"name":"Home","item":"https:\/\/genlamoureux.ca\/"},{"@type":"ListItem","position":2,"name":"Pr\u00e9sence m\u00e9diatique"}]},{"@type":"WebSite","@id":"https:\/\/genlamoureux.ca\/#website","url":"https:\/\/genlamoureux.ca\/","name":"genlamoureux.ca","description":"","publisher":{"@id":"https:\/\/genlamoureux.ca\/#organization"},"potentialAction":[{"@type":"SearchAction","target":{"@type":"EntryPoint","urlTemplate":"https:\/\/genlamoureux.ca\/?s={search_term_string}"},"query-input":{"@type":"PropertyValueSpecification","valueRequired":true,"valueName":"search_term_string"}}],"inLanguage":"en-US"},{"@type":"Organization","@id":"https:\/\/genlamoureux.ca\/#organization","name":"genlamoureux.ca","url":"https:\/\/genlamoureux.ca\/","logo":{"@type":"ImageObject","inLanguage":"en-US","@id":"https:\/\/genlamoureux.ca\/#\/schema\/logo\/image\/","url":"","contentUrl":"","caption":"genlamoureux.ca"},"image":{"@id":"https:\/\/genlamoureux.ca\/#\/schema\/logo\/image\/"}}]}},"_links":{"self":[{"href":"https:\/\/genlamoureux.ca\/index.php?rest_route=\/wp\/v2\/pages\/92","targetHints":{"allow":["GET"]}}],"collection":[{"href":"https:\/\/genlamoureux.ca\/index.php?rest_route=\/wp\/v2\/pages"}],"about":[{"href":"https:\/\/genlamoureux.ca\/index.php?rest_route=\/wp\/v2\/types\/page"}],"author":[{"embeddable":true,"href":"https:\/\/genlamoureux.ca\/index.php?rest_route=\/wp\/v2\/users\/2"}],"replies":[{"embeddable":true,"href":"https:\/\/genlamoureux.ca\/index.php?rest_route=%2Fwp%2Fv2%2Fcomments&post=92"}],"version-history":[{"count":17,"href":"https:\/\/genlamoureux.ca\/index.php?rest_route=\/wp\/v2\/pages\/92\/revisions"}],"predecessor-version":[{"id":319,"href":"https:\/\/genlamoureux.ca\/index.php?rest_route=\/wp\/v2\/pages\/92\/revisions\/319"}],"wp:attachment":[{"href":"https:\/\/genlamoureux.ca\/index.php?rest_route=%2Fwp%2Fv2%2Fmedia&parent=92"}],"curies":[{"name":"wp","href":"https:\/\/api.w.org\/{rel}","templated":true}]}}